{"id":50,"date":"2025-11-30T11:56:11","date_gmt":"2025-11-30T11:56:11","guid":{"rendered":"https:\/\/schrand.bitconcepts.de\/?page_id=50"},"modified":"2025-11-30T21:43:14","modified_gmt":"2025-11-30T21:43:14","slug":"loesungen","status":"publish","type":"page","link":"https:\/\/neu.schrand.energy\/?page_id=50","title":{"rendered":"L\u00f6sungen"},"content":{"rendered":"\t\t<div data-elementor-type=\"wp-page\" data-elementor-id=\"50\" class=\"elementor elementor-50\" data-elementor-post-type=\"page\">\n\t\t\t\t<div class=\"elementor-element elementor-element-c0eaccf e-flex e-con-boxed e-con e-parent\" data-id=\"c0eaccf\" data-element_type=\"container\" data-e-type=\"container\" data-settings=\"{&quot;background_background&quot;:&quot;classic&quot;}\">\n\t\t\t\t\t<div class=\"e-con-inner\">\n\t\t\t\t<div class=\"elementor-element elementor-element-79249ef elementor-widget elementor-widget-heading\" data-id=\"79249ef\" data-element_type=\"widget\" data-e-type=\"widget\" data-widget_type=\"heading.default\">\n\t\t\t\t\t<h2 class=\"elementor-heading-title elementor-size-default\">Unsere <br>L\u00f6sungen<\/h2>\t\t\t\t<\/div>\n\t\t\t\t<div class=\"elementor-element elementor-element-580a905 elementor-widget elementor-widget-heading\" data-id=\"580a905\" data-element_type=\"widget\" data-e-type=\"widget\" data-widget_type=\"heading.default\">\n\t\t\t\t\t<h2 class=\"elementor-heading-title elementor-size-default\">Das richtige Angebot<\/h2>\t\t\t\t<\/div>\n\t\t\t\t\t<\/div>\n\t\t\t\t<\/div>\n\t\t<div class=\"elementor-element elementor-element-e02b832 e-con-full e-flex e-con e-parent\" data-id=\"e02b832\" data-element_type=\"container\" data-e-type=\"container\">\n\t\t\t\t<\/div>\n\t\t\t\t<\/div>\n\t\t","protected":false},"excerpt":{"rendered":"<p>Unsere L\u00f6sungen Das richtige Angebot Elektrolyse\u200b Sie planen, Wasserstoff als Energietr\u00e4ger oder Preozessmedium zu nutzen &#8211; etwa zur Dampferzeugung oder als nachhaltigen Ersatz f\u00fcr Erdgas? Dann ist unsere Alpha EP die ideale L\u00f6sung f\u00fcr Ihren Einstieg in eine effiziente und zukunftssichere Wasserstoffnutzung. Die Alpha EL, unser leistungsstarker PEM-Elektrolyseur, l\u00e4sst sich flexibel an individuelle Kundenanforderungen anpassen [&hellip;]<\/p>\n","protected":false},"author":1,"featured_media":0,"parent":0,"menu_order":0,"comment_status":"closed","ping_status":"closed","template":"","meta":{"footnotes":""},"class_list":["post-50","page","type-page","status-publish","hentry"],"yoast_head":"<!-- This site is optimized with the Yoast SEO plugin v27.5 - https:\/\/yoast.com\/product\/yoast-seo-wordpress\/ -->\n<title>L\u00f6sungen - schrand.energy<\/title>\n<meta name=\"robots\" content=\"noindex, follow, max-snippet:-1, max-image-preview:large, max-video-preview:-1\" \/>\n<meta property=\"og:locale\" content=\"de_DE\" \/>\n<meta property=\"og:type\" content=\"article\" \/>\n<meta property=\"og:title\" content=\"L\u00f6sungen - schrand.energy\" \/>\n<meta property=\"og:description\" content=\"Unsere L\u00f6sungen Das richtige Angebot Elektrolyse\u200b Sie planen, Wasserstoff als Energietr\u00e4ger oder Preozessmedium zu nutzen &#8211; etwa zur Dampferzeugung oder als nachhaltigen Ersatz f\u00fcr Erdgas? Dann ist unsere Alpha EP die ideale L\u00f6sung f\u00fcr Ihren Einstieg in eine effiziente und zukunftssichere Wasserstoffnutzung. Die Alpha EL, unser leistungsstarker PEM-Elektrolyseur, l\u00e4sst sich flexibel an individuelle Kundenanforderungen anpassen [&hellip;]\" \/>\n<meta property=\"og:url\" content=\"https:\/\/neu.schrand.energy\/?page_id=50\" \/>\n<meta property=\"og:site_name\" content=\"schrand.energy\" \/>\n<meta property=\"article:modified_time\" content=\"2025-11-30T21:43:14+00:00\" \/>\n<meta property=\"og:image\" content=\"https:\/\/neu.schrand.energy\/wp-content\/uploads\/2025\/11\/Funktionserklaerung_Loesungen.png\" \/>\n\t<meta property=\"og:image:width\" content=\"1174\" \/>\n\t<meta property=\"og:image:height\" content=\"602\" \/>\n\t<meta property=\"og:image:type\" content=\"image\/png\" \/>\n<meta name=\"twitter:card\" content=\"summary_large_image\" \/>\n<meta name=\"twitter:label1\" content=\"Gesch\u00e4tzte Lesezeit\" \/>\n\t<meta name=\"twitter:data1\" content=\"2\u00a0Minuten\" \/>\n<script type=\"application\/ld+json\" class=\"yoast-schema-graph\">{\"@context\":\"https:\\\/\\\/schema.org\",\"@graph\":[{\"@type\":\"WebPage\",\"@id\":\"https:\\\/\\\/neu.schrand.energy\\\/?page_id=50\",\"url\":\"https:\\\/\\\/neu.schrand.energy\\\/?page_id=50\",\"name\":\"L\u00f6sungen - schrand.energy\",\"isPartOf\":{\"@id\":\"https:\\\/\\\/neu.schrand.energy\\\/#website\"},\"primaryImageOfPage\":{\"@id\":\"https:\\\/\\\/neu.schrand.energy\\\/?page_id=50#primaryimage\"},\"image\":{\"@id\":\"https:\\\/\\\/neu.schrand.energy\\\/?page_id=50#primaryimage\"},\"thumbnailUrl\":\"https:\\\/\\\/neu.schrand.energy\\\/wp-content\\\/uploads\\\/2025\\\/11\\\/Funktionserklaerung_Loesungen.png\",\"datePublished\":\"2025-11-30T11:56:11+00:00\",\"dateModified\":\"2025-11-30T21:43:14+00:00\",\"breadcrumb\":{\"@id\":\"https:\\\/\\\/neu.schrand.energy\\\/?page_id=50#breadcrumb\"},\"inLanguage\":\"de\",\"potentialAction\":[{\"@type\":\"ReadAction\",\"target\":[\"https:\\\/\\\/neu.schrand.energy\\\/?page_id=50\"]}]},{\"@type\":\"ImageObject\",\"inLanguage\":\"de\",\"@id\":\"https:\\\/\\\/neu.schrand.energy\\\/?page_id=50#primaryimage\",\"url\":\"https:\\\/\\\/neu.schrand.energy\\\/wp-content\\\/uploads\\\/2025\\\/11\\\/Funktionserklaerung_Loesungen.png\",\"contentUrl\":\"https:\\\/\\\/neu.schrand.energy\\\/wp-content\\\/uploads\\\/2025\\\/11\\\/Funktionserklaerung_Loesungen.png\",\"width\":1174,\"height\":602},{\"@type\":\"BreadcrumbList\",\"@id\":\"https:\\\/\\\/neu.schrand.energy\\\/?page_id=50#breadcrumb\",\"itemListElement\":[{\"@type\":\"ListItem\",\"position\":1,\"name\":\"Startseite\",\"item\":\"https:\\\/\\\/neu.schrand.energy\\\/\"},{\"@type\":\"ListItem\",\"position\":2,\"name\":\"L\u00f6sungen\"}]},{\"@type\":\"WebSite\",\"@id\":\"https:\\\/\\\/neu.schrand.energy\\\/#website\",\"url\":\"https:\\\/\\\/neu.schrand.energy\\\/\",\"name\":\"schrand.energy\",\"description\":\"\",\"publisher\":{\"@id\":\"https:\\\/\\\/neu.schrand.energy\\\/#organization\"},\"potentialAction\":[{\"@type\":\"SearchAction\",\"target\":{\"@type\":\"EntryPoint\",\"urlTemplate\":\"https:\\\/\\\/neu.schrand.energy\\\/?s={search_term_string}\"},\"query-input\":{\"@type\":\"PropertyValueSpecification\",\"valueRequired\":true,\"valueName\":\"search_term_string\"}}],\"inLanguage\":\"de\"},{\"@type\":\"Organization\",\"@id\":\"https:\\\/\\\/neu.schrand.energy\\\/#organization\",\"name\":\"schrand.energy\",\"url\":\"https:\\\/\\\/neu.schrand.energy\\\/\",\"logo\":{\"@type\":\"ImageObject\",\"inLanguage\":\"de\",\"@id\":\"https:\\\/\\\/neu.schrand.energy\\\/#\\\/schema\\\/logo\\\/image\\\/\",\"url\":\"https:\\\/\\\/neu.schrand.energy\\\/wp-content\\\/uploads\\\/2025\\\/11\\\/schrand.energy_Logo_CMYK_pos.png\",\"contentUrl\":\"https:\\\/\\\/neu.schrand.energy\\\/wp-content\\\/uploads\\\/2025\\\/11\\\/schrand.energy_Logo_CMYK_pos.png\",\"width\":539,\"height\":113,\"caption\":\"schrand.energy\"},\"image\":{\"@id\":\"https:\\\/\\\/neu.schrand.energy\\\/#\\\/schema\\\/logo\\\/image\\\/\"}}]}<\/script>\n<!-- \/ Yoast SEO plugin. -->","yoast_head_json":{"title":"L\u00f6sungen - schrand.energy","robots":{"index":"noindex","follow":"follow","max-snippet":"max-snippet:-1","max-image-preview":"max-image-preview:large","max-video-preview":"max-video-preview:-1"},"og_locale":"de_DE","og_type":"article","og_title":"L\u00f6sungen - schrand.energy","og_description":"Unsere L\u00f6sungen Das richtige Angebot Elektrolyse\u200b Sie planen, Wasserstoff als Energietr\u00e4ger oder Preozessmedium zu nutzen &#8211; etwa zur Dampferzeugung oder als nachhaltigen Ersatz f\u00fcr Erdgas? Dann ist unsere Alpha EP die ideale L\u00f6sung f\u00fcr Ihren Einstieg in eine effiziente und zukunftssichere Wasserstoffnutzung. Die Alpha EL, unser leistungsstarker PEM-Elektrolyseur, l\u00e4sst sich flexibel an individuelle Kundenanforderungen anpassen [&hellip;]","og_url":"https:\/\/neu.schrand.energy\/?page_id=50","og_site_name":"schrand.energy","article_modified_time":"2025-11-30T21:43:14+00:00","og_image":[{"width":1174,"height":602,"url":"https:\/\/neu.schrand.energy\/wp-content\/uploads\/2025\/11\/Funktionserklaerung_Loesungen.png","type":"image\/png"}],"twitter_card":"summary_large_image","twitter_misc":{"Gesch\u00e4tzte Lesezeit":"2\u00a0Minuten"},"schema":{"@context":"https:\/\/schema.org","@graph":[{"@type":"WebPage","@id":"https:\/\/neu.schrand.energy\/?page_id=50","url":"https:\/\/neu.schrand.energy\/?page_id=50","name":"L\u00f6sungen - schrand.energy","isPartOf":{"@id":"https:\/\/neu.schrand.energy\/#website"},"primaryImageOfPage":{"@id":"https:\/\/neu.schrand.energy\/?page_id=50#primaryimage"},"image":{"@id":"https:\/\/neu.schrand.energy\/?page_id=50#primaryimage"},"thumbnailUrl":"https:\/\/neu.schrand.energy\/wp-content\/uploads\/2025\/11\/Funktionserklaerung_Loesungen.png","datePublished":"2025-11-30T11:56:11+00:00","dateModified":"2025-11-30T21:43:14+00:00","breadcrumb":{"@id":"https:\/\/neu.schrand.energy\/?page_id=50#breadcrumb"},"inLanguage":"de","potentialAction":[{"@type":"ReadAction","target":["https:\/\/neu.schrand.energy\/?page_id=50"]}]},{"@type":"ImageObject","inLanguage":"de","@id":"https:\/\/neu.schrand.energy\/?page_id=50#primaryimage","url":"https:\/\/neu.schrand.energy\/wp-content\/uploads\/2025\/11\/Funktionserklaerung_Loesungen.png","contentUrl":"https:\/\/neu.schrand.energy\/wp-content\/uploads\/2025\/11\/Funktionserklaerung_Loesungen.png","width":1174,"height":602},{"@type":"BreadcrumbList","@id":"https:\/\/neu.schrand.energy\/?page_id=50#breadcrumb","itemListElement":[{"@type":"ListItem","position":1,"name":"Startseite","item":"https:\/\/neu.schrand.energy\/"},{"@type":"ListItem","position":2,"name":"L\u00f6sungen"}]},{"@type":"WebSite","@id":"https:\/\/neu.schrand.energy\/#website","url":"https:\/\/neu.schrand.energy\/","name":"schrand.energy","description":"","publisher":{"@id":"https:\/\/neu.schrand.energy\/#organization"},"potentialAction":[{"@type":"SearchAction","target":{"@type":"EntryPoint","urlTemplate":"https:\/\/neu.schrand.energy\/?s={search_term_string}"},"query-input":{"@type":"PropertyValueSpecification","valueRequired":true,"valueName":"search_term_string"}}],"inLanguage":"de"},{"@type":"Organization","@id":"https:\/\/neu.schrand.energy\/#organization","name":"schrand.energy","url":"https:\/\/neu.schrand.energy\/","logo":{"@type":"ImageObject","inLanguage":"de","@id":"https:\/\/neu.schrand.energy\/#\/schema\/logo\/image\/","url":"https:\/\/neu.schrand.energy\/wp-content\/uploads\/2025\/11\/schrand.energy_Logo_CMYK_pos.png","contentUrl":"https:\/\/neu.schrand.energy\/wp-content\/uploads\/2025\/11\/schrand.energy_Logo_CMYK_pos.png","width":539,"height":113,"caption":"schrand.energy"},"image":{"@id":"https:\/\/neu.schrand.energy\/#\/schema\/logo\/image\/"}}]}},"_links":{"self":[{"href":"https:\/\/neu.schrand.energy\/index.php?rest_route=\/wp\/v2\/pages\/50","targetHints":{"allow":["GET"]}}],"collection":[{"href":"https:\/\/neu.schrand.energy\/index.php?rest_route=\/wp\/v2\/pages"}],"about":[{"href":"https:\/\/neu.schrand.energy\/index.php?rest_route=\/wp\/v2\/types\/page"}],"author":[{"embeddable":true,"href":"https:\/\/neu.schrand.energy\/index.php?rest_route=\/wp\/v2\/users\/1"}],"replies":[{"embeddable":true,"href":"https:\/\/neu.schrand.energy\/index.php?rest_route=%2Fwp%2Fv2%2Fcomments&post=50"}],"version-history":[{"count":46,"href":"https:\/\/neu.schrand.energy\/index.php?rest_route=\/wp\/v2\/pages\/50\/revisions"}],"predecessor-version":[{"id":294,"href":"https:\/\/neu.schrand.energy\/index.php?rest_route=\/wp\/v2\/pages\/50\/revisions\/294"}],"wp:attachment":[{"href":"https:\/\/neu.schrand.energy\/index.php?rest_route=%2Fwp%2Fv2%2Fmedia&parent=50"}],"curies":[{"name":"wp","href":"https:\/\/api.w.org\/{rel}","templated":true}]}}